{"id":12859,"date":"2024-11-06T15:49:16","date_gmt":"2024-11-06T14:49:16","guid":{"rendered":"https:\/\/apt-relaunch.pkwebstudio.de\/imprint\/"},"modified":"2026-02-16T10:26:23","modified_gmt":"2026-02-16T09:26:23","slug":"imprint","status":"publish","type":"page","link":"https:\/\/apt-pumpen.de\/en\/imprint\/","title":{"rendered":"Imprint"},"content":{"rendered":"\t\t<div data-elementor-type=\"wp-page\" data-elementor-id=\"12859\" class=\"elementor elementor-12859 elementor-11909\" data-elementor-post-type=\"page\">\n\t\t\t\t\t\t<section class=\"elementor-section elementor-top-section elementor-element elementor-element-5dc390d elementor-section-boxed elementor-section-height-default elementor-section-height-default\" data-id=\"5dc390d\" data-element_type=\"section\" data-e-type=\"section\" data-settings=\"{&quot;jet_parallax_layout_list&quot;:[]}\">\n\t\t\t\t\t\t<div class=\"elementor-container elementor-column-gap-default\">\n\t\t\t\t\t<div class=\"elementor-column elementor-col-100 elementor-top-column elementor-element elementor-element-5b461e5\" data-id=\"5b461e5\" data-element_type=\"column\" data-e-type=\"column\">\n\t\t\t<div class=\"elementor-widget-wrap elementor-element-populated\">\n\t\t\t\t\t\t<div class=\"elementor-element elementor-element-29684ee elementor-widget elementor-widget-text-editor\" data-id=\"29684ee\" data-element_type=\"widget\" data-e-type=\"widget\" data-widget_type=\"text-editor.default\">\n\t\t\t\t<div class=\"elementor-widget-container\">\n\t\t\t\t\t\t\t\t\t<h1>Imprint<\/h1>\n<p>APT Allg\u00e4uer Pumpen<br>Technik GmbH<br>Friedrich-List-Strasse 7<br>88353 Kisslegg<br>Germany<\/p>\n<p>Represented by:<br>Managing director: Benjamin Gierer and Matthias Rau<\/p>\n<p>Commercial register: HRB 742686<br>Register court: Ulm<\/p>\n<h2>Contact us<\/h2>\n<p>Phone: +49 7563 679169-0<br>Fax: +49 7563 679169-9<br>E-mail: info@apt-pumpen.de<\/p>\n<h2>Sales tax ID<\/h2>\n<p>Umsatzsteuer-Identifikationsnummer gem\u00e4\u00df \u00a7 27 a Umsatzsteuergesetz:<br>DE342149289<\/p>\n<h2>EU dispute resolution<\/h2>\n<p>The European Commission provides a platform for online dispute resolution (OS): <a href=\"https:\/\/ec.europa.eu\/consumers\/odr\" target=\"_blank\" rel=\"noopener noreferrer\">https:\/\/ec.europa.eu\/consumers\/odr.<\/a><br>You can find our email address in the legal notice above.<\/p>\n<h2>Consumer dispute resolution\/universal arbitration board<\/h2>\n<p>We are not willing or obliged to participate in dispute resolution proceedings before a consumer arbitration board.<\/p>\n<h3>Liability for content<\/h3>\n<p>As a service provider, we are responsible for our own content on these pages in accordance with Section 7 (1) TMG (German Telemedia Act) and general legislation. According to \u00a7\u00a7 8 to 10 TMG, however, we as a service provider are not obliged to monitor transmitted or stored third-party information or to investigate circumstances that indicate illegal activity.  <\/p>\n<p>Obligations to remove or block the use of information in accordance with general legislation remain unaffected by this. However, liability in this respect is only possible from the time we become aware of a specific infringement. As soon as we become aware of such infringements, we will remove this content immediately.  <\/p>\n<h3>Liability for links<\/h3>\n<p>Our website contains links to external third-party websites over whose content we have no influence. Therefore, we cannot accept any liability for this third-party content. The respective provider or operator of the pages is always responsible for the content of the linked pages. The linked pages were checked for possible legal violations at the time of linking. Illegal contents were not recognizable at the time of linking.    <\/p>\n<p>However, permanent monitoring of the content of the linked pages is not reasonable without concrete evidence of an infringement. If we become aware of any legal infringements, we will remove such links immediately. <\/p>\n<h3>Copyright<\/h3>\n<p>The content and works created by the site operators on these pages are subject to German copyright law. Duplication, processing, distribution and any form of commercialization of such material beyond the scope of the copyright law shall require the prior written consent of its respective author or creator. Downloads and copies of this site are only permitted for private, non-commercial use.  <\/p>\n<p>Insofar as the content on this site was not created by the operator, the copyrights of third parties are respected. In particular, third-party content is identified as such. Should you nevertheless become aware of a copyright infringement, please inform us accordingly. If we become aware of any infringements, we will remove such content immediately.   <\/p>\n<h2>Use of artificial intelligence (AI):<\/h2>\n<p>As part of our website and services, we rely on technologies that use artificial intelligence (AI) to optimize certain processes and offer users an improved experience. This may include the analysis of data, the creation of content or the automation of tasks. The use of these technologies is always in accordance with the applicable data protection regulations. Further information on the use of AI in our processes can be provided on request.   <\/p>\t\t\t\t\t\t\t\t<\/div>\n\t\t\t\t<\/div>\n\t\t\t\t\t<\/div>\n\t\t<\/div>\n\t\t\t\t\t<\/div>\n\t\t<\/section>\n\t\t\t\t<\/div>\n\t\t","protected":false},"excerpt":{"rendered":"<p>Imprint APT Allg\u00e4uer PumpenTechnik GmbHFriedrich-List-Strasse 788353 KissleggGermany Represented by:Managing director: Benjamin Gierer and Matthias Rau Commercial register: HRB 742686Register court: Ulm Contact us Phone: +49 7563 679169-0Fax: +49 7563 679169-9E-mail: info@apt-pumpen.de Sales tax ID Umsatzsteuer-Identifikationsnummer gem\u00e4\u00df \u00a7 27 a Umsatzsteuergesetz:DE342149289 EU dispute resolution The European Commission provides a platform for online dispute resolution (OS): https:\/\/ec.europa.eu\/consumers\/odr.You [&hellip;]<\/p>\n","protected":false},"author":1,"featured_media":0,"parent":0,"menu_order":0,"comment_status":"closed","ping_status":"closed","template":"page-full-width.php","meta":{"footnotes":""},"class_list":["post-12859","page","type-page","status-publish","hentry"],"yoast_head":"<!-- This site is optimized with the Yoast SEO plugin v27.2 - https:\/\/yoast.com\/product\/yoast-seo-wordpress\/ -->\n<title>Imprint - Allg\u00e4uer Pumpen Technik<\/title>\n<meta name=\"robots\" content=\"index, follow, max-snippet:-1, max-image-preview:large, max-video-preview:-1\" \/>\n<link rel=\"canonical\" href=\"https:\/\/apt-pumpen.de\/en\/imprint\/\" \/>\n<meta property=\"og:locale\" content=\"en_US\" \/>\n<meta property=\"og:type\" content=\"article\" \/>\n<meta property=\"og:title\" content=\"Imprint - Allg\u00e4uer Pumpen Technik\" \/>\n<meta property=\"og:description\" content=\"Imprint APT Allg\u00e4uer PumpenTechnik GmbHFriedrich-List-Strasse 788353 KissleggGermany Represented by:Managing director: Benjamin Gierer and Matthias Rau Commercial register: HRB 742686Register court: Ulm Contact us Phone: +49 7563 679169-0Fax: +49 7563 679169-9E-mail: info@apt-pumpen.de Sales tax ID Umsatzsteuer-Identifikationsnummer gem\u00e4\u00df \u00a7 27 a Umsatzsteuergesetz:DE342149289 EU dispute resolution The European Commission provides a platform for online dispute resolution (OS): https:\/\/ec.europa.eu\/consumers\/odr.You [&hellip;]\" \/>\n<meta property=\"og:url\" content=\"https:\/\/apt-pumpen.de\/en\/imprint\/\" \/>\n<meta property=\"og:site_name\" content=\"Allg\u00e4uer Pumpen Technik\" \/>\n<meta property=\"article:publisher\" content=\"https:\/\/www.facebook.com\/aptpumpen\" \/>\n<meta property=\"article:modified_time\" content=\"2026-02-16T09:26:23+00:00\" \/>\n<meta property=\"og:image\" content=\"https:\/\/apt-pumpen.de\/wp-content\/uploads\/2024\/11\/apt-logo_trans_500px.png\" \/>\n\t<meta property=\"og:image:width\" content=\"500\" \/>\n\t<meta property=\"og:image:height\" content=\"212\" \/>\n\t<meta property=\"og:image:type\" content=\"image\/png\" \/>\n<meta name=\"twitter:card\" content=\"summary_large_image\" \/>\n<meta name=\"twitter:label1\" content=\"Est. reading time\" \/>\n\t<meta name=\"twitter:data1\" content=\"3 minutes\" \/>\n<script type=\"application\/ld+json\" class=\"yoast-schema-graph\">{\"@context\":\"https:\/\/schema.org\",\"@graph\":[{\"@type\":\"WebPage\",\"@id\":\"https:\/\/apt-pumpen.de\/en\/imprint\/\",\"url\":\"https:\/\/apt-pumpen.de\/en\/imprint\/\",\"name\":\"Imprint - Allg\u00e4uer Pumpen Technik\",\"isPartOf\":{\"@id\":\"https:\/\/apt-pumpen.de\/#website\"},\"datePublished\":\"2024-11-06T14:49:16+00:00\",\"dateModified\":\"2026-02-16T09:26:23+00:00\",\"breadcrumb\":{\"@id\":\"https:\/\/apt-pumpen.de\/en\/imprint\/#breadcrumb\"},\"inLanguage\":\"en-US\",\"potentialAction\":[{\"@type\":\"ReadAction\",\"target\":[\"https:\/\/apt-pumpen.de\/en\/imprint\/\"]}]},{\"@type\":\"BreadcrumbList\",\"@id\":\"https:\/\/apt-pumpen.de\/en\/imprint\/#breadcrumb\",\"itemListElement\":[{\"@type\":\"ListItem\",\"position\":1,\"name\":\"Startseite\",\"item\":\"https:\/\/apt-pumpen.de\/\"},{\"@type\":\"ListItem\",\"position\":2,\"name\":\"Imprint\"}]},{\"@type\":\"WebSite\",\"@id\":\"https:\/\/apt-pumpen.de\/#website\",\"url\":\"https:\/\/apt-pumpen.de\/\",\"name\":\"Allg\u00e4uer Pumpen Technik\",\"description\":\"Ersatzteile &amp; Pumpen f\u00fcr G\u00fclletechnik &amp; Biogas Anlagen\",\"publisher\":{\"@id\":\"https:\/\/apt-pumpen.de\/#organization\"},\"potentialAction\":[{\"@type\":\"SearchAction\",\"target\":{\"@type\":\"EntryPoint\",\"urlTemplate\":\"https:\/\/apt-pumpen.de\/?s={search_term_string}\"},\"query-input\":{\"@type\":\"PropertyValueSpecification\",\"valueRequired\":true,\"valueName\":\"search_term_string\"}}],\"inLanguage\":\"en-US\"},{\"@type\":\"Organization\",\"@id\":\"https:\/\/apt-pumpen.de\/#organization\",\"name\":\"APT Allg\u00e4uer Pumpen Technik GmbH\",\"url\":\"https:\/\/apt-pumpen.de\/\",\"logo\":{\"@type\":\"ImageObject\",\"inLanguage\":\"en-US\",\"@id\":\"https:\/\/apt-pumpen.de\/#\/schema\/logo\/image\/\",\"url\":\"https:\/\/apt-pumpen.de\/wp-content\/uploads\/2024\/11\/apt-logo_trans_500px.png\",\"contentUrl\":\"https:\/\/apt-pumpen.de\/wp-content\/uploads\/2024\/11\/apt-logo_trans_500px.png\",\"width\":500,\"height\":212,\"caption\":\"APT Allg\u00e4uer Pumpen Technik GmbH\"},\"image\":{\"@id\":\"https:\/\/apt-pumpen.de\/#\/schema\/logo\/image\/\"},\"sameAs\":[\"https:\/\/www.facebook.com\/aptpumpen\",\"https:\/\/www.instagram.com\/allgaeuerpumpen\/\"]}]}<\/script>\n<!-- \/ Yoast SEO plugin. -->","yoast_head_json":{"title":"Imprint - Allg\u00e4uer Pumpen Technik","robots":{"index":"index","follow":"follow","max-snippet":"max-snippet:-1","max-image-preview":"max-image-preview:large","max-video-preview":"max-video-preview:-1"},"canonical":"https:\/\/apt-pumpen.de\/en\/imprint\/","og_locale":"en_US","og_type":"article","og_title":"Imprint - Allg\u00e4uer Pumpen Technik","og_description":"Imprint APT Allg\u00e4uer PumpenTechnik GmbHFriedrich-List-Strasse 788353 KissleggGermany Represented by:Managing director: Benjamin Gierer and Matthias Rau Commercial register: HRB 742686Register court: Ulm Contact us Phone: +49 7563 679169-0Fax: +49 7563 679169-9E-mail: info@apt-pumpen.de Sales tax ID Umsatzsteuer-Identifikationsnummer gem\u00e4\u00df \u00a7 27 a Umsatzsteuergesetz:DE342149289 EU dispute resolution The European Commission provides a platform for online dispute resolution (OS): https:\/\/ec.europa.eu\/consumers\/odr.You [&hellip;]","og_url":"https:\/\/apt-pumpen.de\/en\/imprint\/","og_site_name":"Allg\u00e4uer Pumpen Technik","article_publisher":"https:\/\/www.facebook.com\/aptpumpen","article_modified_time":"2026-02-16T09:26:23+00:00","og_image":[{"width":500,"height":212,"url":"https:\/\/apt-pumpen.de\/wp-content\/uploads\/2024\/11\/apt-logo_trans_500px.png","type":"image\/png"}],"twitter_card":"summary_large_image","twitter_misc":{"Est. reading time":"3 minutes"},"schema":{"@context":"https:\/\/schema.org","@graph":[{"@type":"WebPage","@id":"https:\/\/apt-pumpen.de\/en\/imprint\/","url":"https:\/\/apt-pumpen.de\/en\/imprint\/","name":"Imprint - Allg\u00e4uer Pumpen Technik","isPartOf":{"@id":"https:\/\/apt-pumpen.de\/#website"},"datePublished":"2024-11-06T14:49:16+00:00","dateModified":"2026-02-16T09:26:23+00:00","breadcrumb":{"@id":"https:\/\/apt-pumpen.de\/en\/imprint\/#breadcrumb"},"inLanguage":"en-US","potentialAction":[{"@type":"ReadAction","target":["https:\/\/apt-pumpen.de\/en\/imprint\/"]}]},{"@type":"BreadcrumbList","@id":"https:\/\/apt-pumpen.de\/en\/imprint\/#breadcrumb","itemListElement":[{"@type":"ListItem","position":1,"name":"Startseite","item":"https:\/\/apt-pumpen.de\/"},{"@type":"ListItem","position":2,"name":"Imprint"}]},{"@type":"WebSite","@id":"https:\/\/apt-pumpen.de\/#website","url":"https:\/\/apt-pumpen.de\/","name":"Allg\u00e4uer Pumpen Technik","description":"Ersatzteile &amp; Pumpen f\u00fcr G\u00fclletechnik &amp; Biogas Anlagen","publisher":{"@id":"https:\/\/apt-pumpen.de\/#organization"},"potentialAction":[{"@type":"SearchAction","target":{"@type":"EntryPoint","urlTemplate":"https:\/\/apt-pumpen.de\/?s={search_term_string}"},"query-input":{"@type":"PropertyValueSpecification","valueRequired":true,"valueName":"search_term_string"}}],"inLanguage":"en-US"},{"@type":"Organization","@id":"https:\/\/apt-pumpen.de\/#organization","name":"APT Allg\u00e4uer Pumpen Technik GmbH","url":"https:\/\/apt-pumpen.de\/","logo":{"@type":"ImageObject","inLanguage":"en-US","@id":"https:\/\/apt-pumpen.de\/#\/schema\/logo\/image\/","url":"https:\/\/apt-pumpen.de\/wp-content\/uploads\/2024\/11\/apt-logo_trans_500px.png","contentUrl":"https:\/\/apt-pumpen.de\/wp-content\/uploads\/2024\/11\/apt-logo_trans_500px.png","width":500,"height":212,"caption":"APT Allg\u00e4uer Pumpen Technik GmbH"},"image":{"@id":"https:\/\/apt-pumpen.de\/#\/schema\/logo\/image\/"},"sameAs":["https:\/\/www.facebook.com\/aptpumpen","https:\/\/www.instagram.com\/allgaeuerpumpen\/"]}]}},"_links":{"self":[{"href":"https:\/\/apt-pumpen.de\/en\/wp-json\/wp\/v2\/pages\/12859","targetHints":{"allow":["GET"]}}],"collection":[{"href":"https:\/\/apt-pumpen.de\/en\/wp-json\/wp\/v2\/pages"}],"about":[{"href":"https:\/\/apt-pumpen.de\/en\/wp-json\/wp\/v2\/types\/page"}],"author":[{"embeddable":true,"href":"https:\/\/apt-pumpen.de\/en\/wp-json\/wp\/v2\/users\/1"}],"replies":[{"embeddable":true,"href":"https:\/\/apt-pumpen.de\/en\/wp-json\/wp\/v2\/comments?post=12859"}],"version-history":[{"count":4,"href":"https:\/\/apt-pumpen.de\/en\/wp-json\/wp\/v2\/pages\/12859\/revisions"}],"predecessor-version":[{"id":13376,"href":"https:\/\/apt-pumpen.de\/en\/wp-json\/wp\/v2\/pages\/12859\/revisions\/13376"}],"wp:attachment":[{"href":"https:\/\/apt-pumpen.de\/en\/wp-json\/wp\/v2\/media?parent=12859"}],"curies":[{"name":"wp","href":"https:\/\/api.w.org\/{rel}","templated":true}]}}